{"id":866,"date":"2025-09-25T17:04:21","date_gmt":"2025-09-25T20:04:21","guid":{"rendered":"https:\/\/kehila.org.uy\/kasher\/?post_type=product&#038;p=866"},"modified":"2026-04-29T10:46:44","modified_gmt":"2026-04-29T13:46:44","slug":"dulce-de-leche-los-nietitos-copia","status":"publish","type":"product","link":"https:\/\/kehila.org.uy\/kasher\/producto\/dulce-de-leche-los-nietitos-copia\/","title":{"rendered":"Dulce de leche LOS NIETITOS 500g y 1kg"},"content":{"rendered":"","protected":false},"excerpt":{"rendered":"<p>Dulce de leche LOS NIETITOS<\/p>\n<p>Presentaci\u00f3n pote de 500g y 1Kg<\/p>\n<p>Dulce de leche en base a leche y az\u00facar, de sabor \u00fanico y caracter\u00edstico.<\/p>\n<p>Aprobado por la Asociaci\u00f3n de Diab\u00e9ticos del Uruguay<\/p>\n<p>libre de gluten<\/p>\n<p>Certificado por KEHILA URUGUAY<\/p>\n","protected":false},"featured_media":868,"comment_status":"open","ping_status":"closed","template":"","meta":{"_acf_changed":false},"fabricante":[213],"lista":[30],"pais-de-origen":[56],"tipo":[102],"product_brand":[212],"product_cat":[216],"product_tag":[],"class_list":{"0":"post-866","1":"product","2":"type-product","3":"status-publish","4":"has-post-thumbnail","6":"fabricante-los-nietitos-s-a-grupo-andros","7":"lista-lista-general","8":"pais-de-origen-uruguay","9":"tipo-lacteo-jalav-stam-leche-comun","10":"product_brand-los-nietitos","11":"product_cat-dulces","13":"first","14":"instock","15":"shipping-taxable","16":"product-type-simple"},"acf":[],"_links":{"self":[{"href":"https:\/\/kehila.org.uy\/kasher\/wp-json\/wp\/v2\/product\/866","targetHints":{"allow":["GET"]}}],"collection":[{"href":"https:\/\/kehila.org.uy\/kasher\/wp-json\/wp\/v2\/product"}],"about":[{"href":"https:\/\/kehila.org.uy\/kasher\/wp-json\/wp\/v2\/types\/product"}],"replies":[{"embeddable":true,"href":"https:\/\/kehila.org.uy\/kasher\/wp-json\/wp\/v2\/comments?post=866"}],"wp:featuredmedia":[{"embeddable":true,"href":"https:\/\/kehila.org.uy\/kasher\/wp-json\/wp\/v2\/media\/868"}],"wp:attachment":[{"href":"https:\/\/kehila.org.uy\/kasher\/wp-json\/wp\/v2\/media?parent=866"}],"wp:term":[{"taxonomy":"fabricante","embeddable":true,"href":"https:\/\/kehila.org.uy\/kasher\/wp-json\/wp\/v2\/fabricante?post=866"},{"taxonomy":"lista","embeddable":true,"href":"https:\/\/kehila.org.uy\/kasher\/wp-json\/wp\/v2\/lista?post=866"},{"taxonomy":"pais-de-origen","embeddable":true,"href":"https:\/\/kehila.org.uy\/kasher\/wp-json\/wp\/v2\/pais-de-origen?post=866"},{"taxonomy":"tipo","embeddable":true,"href":"https:\/\/kehila.org.uy\/kasher\/wp-json\/wp\/v2\/tipo?post=866"},{"taxonomy":"product_brand","embeddable":true,"href":"https:\/\/kehila.org.uy\/kasher\/wp-json\/wp\/v2\/product_brand?post=866"},{"taxonomy":"product_cat","embeddable":true,"href":"https:\/\/kehila.org.uy\/kasher\/wp-json\/wp\/v2\/product_cat?post=866"},{"taxonomy":"product_tag","embeddable":true,"href":"https:\/\/kehila.org.uy\/kasher\/wp-json\/wp\/v2\/product_tag?post=866"}],"curies":[{"name":"wp","href":"https:\/\/api.w.org\/{rel}","templated":true}]}}