{"id":2539,"date":"2025-11-10T14:46:59","date_gmt":"2025-11-10T17:46:59","guid":{"rendered":"https:\/\/kehila.org.uy\/kasher\/?post_type=product&#038;p=2539"},"modified":"2025-11-10T14:46:59","modified_gmt":"2025-11-10T17:46:59","slug":"ajies-catalanes-del-gaucho-145g-580g","status":"publish","type":"product","link":"https:\/\/kehila.org.uy\/kasher\/producto\/ajies-catalanes-del-gaucho-145g-580g\/","title":{"rendered":"Aj\u00edes catalanes DEL GAUCHO, 145g, 580g"},"content":{"rendered":"","protected":false},"excerpt":{"rendered":"<p>Aj\u00edes catalanes DEL GAUCHO presentaci\u00f3n en frascos de 145g y 580g<\/p>\n","protected":false},"featured_media":2541,"comment_status":"open","ping_status":"closed","template":"","meta":{"_acf_changed":false},"fabricante":[252],"lista":[30,31],"pais-de-origen":[56],"tipo":[97],"product_brand":[250],"product_cat":[622],"product_tag":[],"class_list":{"0":"post-2539","1":"product","2":"type-product","3":"status-publish","4":"has-post-thumbnail","6":"fabricante-del-gaucho","7":"lista-lista-general","8":"lista-lista-mehadrim","9":"pais-de-origen-uruguay","10":"tipo-parve-mehadrin","11":"product_brand-del-gaucho","12":"product_cat-conservas-en-vinagre-o-agua-y-sal","14":"first","15":"instock","16":"shipping-taxable","17":"product-type-simple"},"acf":[],"_links":{"self":[{"href":"https:\/\/kehila.org.uy\/kasher\/wp-json\/wp\/v2\/product\/2539","targetHints":{"allow":["GET"]}}],"collection":[{"href":"https:\/\/kehila.org.uy\/kasher\/wp-json\/wp\/v2\/product"}],"about":[{"href":"https:\/\/kehila.org.uy\/kasher\/wp-json\/wp\/v2\/types\/product"}],"replies":[{"embeddable":true,"href":"https:\/\/kehila.org.uy\/kasher\/wp-json\/wp\/v2\/comments?post=2539"}],"wp:featuredmedia":[{"embeddable":true,"href":"https:\/\/kehila.org.uy\/kasher\/wp-json\/wp\/v2\/media\/2541"}],"wp:attachment":[{"href":"https:\/\/kehila.org.uy\/kasher\/wp-json\/wp\/v2\/media?parent=2539"}],"wp:term":[{"taxonomy":"fabricante","embeddable":true,"href":"https:\/\/kehila.org.uy\/kasher\/wp-json\/wp\/v2\/fabricante?post=2539"},{"taxonomy":"lista","embeddable":true,"href":"https:\/\/kehila.org.uy\/kasher\/wp-json\/wp\/v2\/lista?post=2539"},{"taxonomy":"pais-de-origen","embeddable":true,"href":"https:\/\/kehila.org.uy\/kasher\/wp-json\/wp\/v2\/pais-de-origen?post=2539"},{"taxonomy":"tipo","embeddable":true,"href":"https:\/\/kehila.org.uy\/kasher\/wp-json\/wp\/v2\/tipo?post=2539"},{"taxonomy":"product_brand","embeddable":true,"href":"https:\/\/kehila.org.uy\/kasher\/wp-json\/wp\/v2\/product_brand?post=2539"},{"taxonomy":"product_cat","embeddable":true,"href":"https:\/\/kehila.org.uy\/kasher\/wp-json\/wp\/v2\/product_cat?post=2539"},{"taxonomy":"product_tag","embeddable":true,"href":"https:\/\/kehila.org.uy\/kasher\/wp-json\/wp\/v2\/product_tag?post=2539"}],"curies":[{"name":"wp","href":"https:\/\/api.w.org\/{rel}","templated":true}]}}