{"id":231,"date":"2025-07-24T20:44:37","date_gmt":"2025-07-24T20:44:37","guid":{"rendered":"https:\/\/kehila.org.uy\/kasher\/?page_id=231"},"modified":"2025-09-02T21:13:34","modified_gmt":"2025-09-02T21:13:34","slug":"taller-de-cocina-taim","status":"publish","type":"page","link":"https:\/\/kehila.org.uy\/kasher\/taller-de-cocina-taim\/","title":{"rendered":"Taller de cocina Taim"},"content":{"rendered":"\n<div class=\"wp-block-columns is-layout-flex wp-container-core-columns-is-layout-51c0b34d wp-block-columns-is-layout-flex\" style=\"padding-top:var(--wp--preset--spacing--50);padding-bottom:var(--wp--preset--spacing--50)\">\n<div class=\"wp-block-column is-vertically-aligned-center is-layout-flow wp-block-column-is-layout-flow\" style=\"padding-right:var(--wp--preset--spacing--40);padding-left:var(--wp--preset--spacing--40);flex-basis:33.33%\">\n<figure class=\"wp-block-image aligncenter size-full\"><img loading=\"lazy\" decoding=\"async\" width=\"752\" height=\"802\" src=\"https:\/\/kehila.org.uy\/kasher\/wp-content\/uploads\/2025\/08\/Taim.png\" alt=\"\" class=\"wp-image-594\" srcset=\"https:\/\/kehila.org.uy\/kasher\/wp-content\/uploads\/2025\/08\/Taim.png 752w, https:\/\/kehila.org.uy\/kasher\/wp-content\/uploads\/2025\/08\/Taim-281x300.png 281w, https:\/\/kehila.org.uy\/kasher\/wp-content\/uploads\/2025\/08\/Taim-600x640.png 600w\" sizes=\"auto, (max-width: 752px) 100vw, 752px\" \/><\/figure>\n<\/div>\n\n\n\n<div class=\"wp-block-column is-vertically-aligned-center is-layout-flow wp-block-column-is-layout-flow\" style=\"padding-right:var(--wp--preset--spacing--20);padding-left:var(--wp--preset--spacing--20);flex-basis:66.66%\">\n<div class=\"wp-block-group center_align_mob has-global-padding is-layout-constrained wp-container-core-group-is-layout-4df059e3 wp-block-group-is-layout-constrained\" style=\"padding-top:var(--wp--preset--spacing--30);padding-bottom:var(--wp--preset--spacing--30)\">\n<p>Hace 20 a\u00f1os comenzamos un camino que nos ha dado innumerables alegr\u00edas: la creaci\u00f3n de un Taller de Trabajo Protegido para personas con discapacidad, dedicado a la elaboraci\u00f3n de alimentos kosher. Es un espacio \u00fanico en la comunidad jud\u00eda uruguaya.<\/p>\n\n\n\n<p>A lo largo del tiempo, este taller ha funcionado con gran eficacia, ofreciendo un verdadero marco de inclusi\u00f3n e integraci\u00f3n. Aqu\u00ed, cada persona ve dignificado su hacer, encontrando el lugar que necesita para desarrollar plenamente sus capacidades, m\u00e1s all\u00e1 de cualquier diagn\u00f3stico.<\/p>\n\n\n\n<p>Con el tiempo, las familias de la comunidad comenzaron a encargar sus jalot y otros alimentos, confiando en las habilidades que los usuarios, con el amor y la gu\u00eda de sus docentes, fueron adquiriendo.<\/p>\n\n\n\n<p>As\u00ed, el taller ha seguido creciendo, ampliando sus propuestas y profesionaliz\u00e1ndose cada vez m\u00e1s.<\/p>\n<\/div>\n\n\n\n<div class=\"wp-block-buttons is-vertical is-content-justification-center is-layout-flex wp-container-core-buttons-is-layout-8144a902 wp-block-buttons-is-layout-flex\">\n<div class=\"wp-block-button is-style-fill icon-btn\"><a class=\"wp-block-button__link wp-element-button\" href=\"http:\/\/wa.me\/59892495450\" target=\"_blank\" rel=\"noreferrer noopener\">Hac\u00e9 tu pedido <img loading=\"lazy\" decoding=\"async\" width=\"14\" height=\"14\" class=\"wp-image-595\" style=\"width: 14px;\" src=\"https:\/\/kehila.org.uy\/kasher\/wp-content\/uploads\/2025\/08\/ic_baseline-whatsapp.png\" alt=\"\"><\/a><\/div>\n\n\n\n<div class=\"wp-block-button is-style-fill\"><a class=\"wp-block-button__link has-accent-2-background-color has-background wp-element-button\" href=\"\/kasher\/wp-content\/uploads\/2025\/09\/Productos-Taim-2025_marzo.pdf\" target=\"_blank\" rel=\"noreferrer noopener\">&nbsp;\u00a1Te invitamos a conocer nuestro men\u00fa!<\/a><\/div>\n\n\n\n<div class=\"wp-block-button is-style-fill icon-btn\"><a class=\"wp-block-button__link wp-element-button\" href=\"https:\/\/kehila.org.uy\/inclusion\/\" target=\"_blank\" rel=\"noreferrer noopener\">Conoce al Departamento de Inclusi\u00f3n de la Kehil\u00e1<\/a><\/div>\n<\/div>\n<\/div>\n<\/div>\n","protected":false},"excerpt":{"rendered":"<p>Hace 20 a\u00f1os comenzamos un camino que nos ha dado innumerables alegr\u00edas: la creaci\u00f3n de un Taller de Trabajo Protegido para personas con discapacidad, dedicado a la elaboraci\u00f3n de alimentos kosher. Es un espacio \u00fanico en la comunidad jud\u00eda uruguaya. A lo largo del tiempo, este taller ha funcionado con gran eficacia, ofreciendo un verdadero [&hellip;]<\/p>\n","protected":false},"author":20,"featured_media":0,"parent":0,"menu_order":0,"comment_status":"closed","ping_status":"closed","template":"","meta":{"_acf_changed":false,"footnotes":""},"class_list":["post-231","page","type-page","status-publish","hentry"],"acf":[],"_links":{"self":[{"href":"https:\/\/kehila.org.uy\/kasher\/wp-json\/wp\/v2\/pages\/231","targetHints":{"allow":["GET"]}}],"collection":[{"href":"https:\/\/kehila.org.uy\/kasher\/wp-json\/wp\/v2\/pages"}],"about":[{"href":"https:\/\/kehila.org.uy\/kasher\/wp-json\/wp\/v2\/types\/page"}],"author":[{"embeddable":true,"href":"https:\/\/kehila.org.uy\/kasher\/wp-json\/wp\/v2\/users\/20"}],"replies":[{"embeddable":true,"href":"https:\/\/kehila.org.uy\/kasher\/wp-json\/wp\/v2\/comments?post=231"}],"version-history":[{"count":14,"href":"https:\/\/kehila.org.uy\/kasher\/wp-json\/wp\/v2\/pages\/231\/revisions"}],"predecessor-version":[{"id":644,"href":"https:\/\/kehila.org.uy\/kasher\/wp-json\/wp\/v2\/pages\/231\/revisions\/644"}],"wp:attachment":[{"href":"https:\/\/kehila.org.uy\/kasher\/wp-json\/wp\/v2\/media?parent=231"}],"curies":[{"name":"wp","href":"https:\/\/api.w.org\/{rel}","templated":true}]}}